{"id":173,"date":"2026-03-04T20:41:47","date_gmt":"2026-03-04T19:41:47","guid":{"rendered":"https:\/\/ajdo.kacperteszner.pl\/?page_id=173"},"modified":"2026-03-05T11:40:18","modified_gmt":"2026-03-05T10:40:18","slug":"galeria","status":"publish","type":"page","link":"https:\/\/ajdo.kacperteszner.pl\/?page_id=173","title":{"rendered":"Galeria"},"content":{"rendered":"\t\t<div data-elementor-type=\"wp-page\" data-elementor-id=\"173\" class=\"elementor elementor-173\" data-elementor-post-type=\"page\">\n\t\t\t\t\t\t<section class=\"elementor-section elementor-top-section elementor-element elementor-element-569e0b2 elementor-section-full_width elementor-section-stretched elementor-section-height-default elementor-section-height-default\" data-id=\"569e0b2\" data-element_type=\"section\" data-e-type=\"section\" data-settings=\"{&quot;stretch_section&quot;:&quot;section-stretched&quot;,&quot;background_background&quot;:&quot;classic&quot;}\">\n\t\t\t\t\t\t<div class=\"elementor-container elementor-column-gap-default\">\n\t\t\t\t\t<div class=\"elementor-column elementor-col-100 elementor-top-column elementor-element elementor-element-0117fe1\" data-id=\"0117fe1\" data-element_type=\"column\" data-e-type=\"column\">\n\t\t\t<div class=\"elementor-widget-wrap elementor-element-populated\">\n\t\t\t\t\t\t<div class=\"elementor-element elementor-element-24576a1 elementor-widget elementor-widget-heading\" data-id=\"24576a1\" data-element_type=\"widget\" data-e-type=\"widget\" data-widget_type=\"heading.default\">\n\t\t\t\t\t<h2 class=\"elementor-heading-title elementor-size-default\">GALERIA EVENT\u00d3W<\/h2>\t\t\t\t<\/div>\n\t\t\t\t<div class=\"elementor-element elementor-element-c468364 elementor-widget elementor-widget-text-editor\" data-id=\"c468364\" data-element_type=\"widget\" data-e-type=\"widget\" data-widget_type=\"text-editor.default\">\n\t\t\t\t\t\t\t\t\t<p>Zobacz, jak tworzymy profesjonaln\u0105 opraw\u0119 techniczn\u0105 wydarze\u0144 od ponad 20 lat<\/p>\t\t\t\t\t\t\t\t<\/div>\n\t\t\t\t<div class=\"elementor-element elementor-element-4488764 elementor-widget-divider--view-line elementor-widget elementor-widget-divider\" data-id=\"4488764\" data-element_type=\"widget\" data-e-type=\"widget\" data-widget_type=\"divider.default\">\n\t\t\t\t\t\t\t<div class=\"elementor-divider\">\n\t\t\t<span class=\"elementor-divider-separator\">\n\t\t\t\t\t\t<\/span>\n\t\t<\/div>\n\t\t\t\t\t\t<\/div>\n\t\t\t\t<div class=\"elementor-element elementor-element-21279e1 gallery-spacing-custom elementor-widget elementor-widget-image-gallery\" data-id=\"21279e1\" data-element_type=\"widget\" data-e-type=\"widget\" data-widget_type=\"image-gallery.default\">\n\t\t\t\t\t\t\t<div class=\"elementor-image-gallery\">\n\t\t\t<div id='gallery-1' class='gallery galleryid-173 gallery-columns-4 gallery-size-full'><figure class='gallery-item'>\n\t\t\t<div class='gallery-icon landscape'>\n\t\t\t\t<a data-elementor-open-lightbox=\"yes\" data-elementor-lightbox-slideshow=\"21279e1\" data-elementor-lightbox-title=\"ajdo2\" data-e-action-hash=\"#elementor-action%3Aaction%3Dlightbox%26settings%3DeyJpZCI6MTc3LCJ1cmwiOiJodHRwczpcL1wvYWpkby5rYWNwZXJ0ZXN6bmVyLnBsXC93cC1jb250ZW50XC91cGxvYWRzXC8yMDI2XC8wM1wvYWpkbzIuanBnIiwic2xpZGVzaG93IjoiMjEyNzllMSJ9\" href='https:\/\/ajdo.kacperteszner.pl\/wp-content\/uploads\/2026\/03\/ajdo2.jpg'><img fetchpriority=\"high\" decoding=\"async\" width=\"2048\" height=\"1366\" src=\"https:\/\/ajdo.kacperteszner.pl\/wp-content\/uploads\/2026\/03\/ajdo2.jpg\" class=\"attachment-full size-full\" alt=\"\" srcset=\"https:\/\/ajdo.kacperteszner.pl\/wp-content\/uploads\/2026\/03\/ajdo2.jpg 2048w, https:\/\/ajdo.kacperteszner.pl\/wp-content\/uploads\/2026\/03\/ajdo2-300x200.jpg 300w, https:\/\/ajdo.kacperteszner.pl\/wp-content\/uploads\/2026\/03\/ajdo2-1024x683.jpg 1024w, https:\/\/ajdo.kacperteszner.pl\/wp-content\/uploads\/2026\/03\/ajdo2-768x512.jpg 768w, https:\/\/ajdo.kacperteszner.pl\/wp-content\/uploads\/2026\/03\/ajdo2-1536x1025.jpg 1536w\" sizes=\"(max-width: 2048px) 100vw, 2048px\" \/><\/a>\n\t\t\t<\/div><\/figure><figure class='gallery-item'>\n\t\t\t<div class='gallery-icon landscape'>\n\t\t\t\t<a data-elementor-open-lightbox=\"yes\" data-elementor-lightbox-slideshow=\"21279e1\" data-elementor-lightbox-title=\"koncertowe-swiatla-punktowe-na-tle-tekstury-sceny-do-projektowania_192247-542\" data-e-action-hash=\"#elementor-action%3Aaction%3Dlightbox%26settings%3DeyJpZCI6NTcsInVybCI6Imh0dHBzOlwvXC9hamRvLmthY3BlcnRlc3puZXIucGxcL3dwLWNvbnRlbnRcL3VwbG9hZHNcLzIwMjZcLzAyXC9rb25jZXJ0b3dlLXN3aWF0bGEtcHVua3Rvd2UtbmEtdGxlLXRla3N0dXJ5LXNjZW55LWRvLXByb2pla3Rvd2FuaWFfMTkyMjQ3LTU0Mi5qcGciLCJzbGlkZXNob3ciOiIyMTI3OWUxIn0%3D\" href='https:\/\/ajdo.kacperteszner.pl\/wp-content\/uploads\/2026\/02\/koncertowe-swiatla-punktowe-na-tle-tekstury-sceny-do-projektowania_192247-542.jpg'><img decoding=\"async\" width=\"740\" height=\"494\" src=\"https:\/\/ajdo.kacperteszner.pl\/wp-content\/uploads\/2026\/02\/koncertowe-swiatla-punktowe-na-tle-tekstury-sceny-do-projektowania_192247-542.jpg\" class=\"attachment-full size-full\" alt=\"\" srcset=\"https:\/\/ajdo.kacperteszner.pl\/wp-content\/uploads\/2026\/02\/koncertowe-swiatla-punktowe-na-tle-tekstury-sceny-do-projektowania_192247-542.jpg 740w, https:\/\/ajdo.kacperteszner.pl\/wp-content\/uploads\/2026\/02\/koncertowe-swiatla-punktowe-na-tle-tekstury-sceny-do-projektowania_192247-542-300x200.jpg 300w\" sizes=\"(max-width: 740px) 100vw, 740px\" \/><\/a>\n\t\t\t<\/div><\/figure>\n\t\t<\/div>\n\t\t<\/div>\n\t\t\t\t\t\t<\/div>\n\t\t\t\t\t<\/div>\n\t\t<\/div>\n\t\t\t\t\t<\/div>\n\t\t<\/section>\n\t\t\t\t<section class=\"elementor-section elementor-top-section elementor-element elementor-element-fc48307 elementor-section-boxed elementor-section-height-default elementor-section-height-default\" data-id=\"fc48307\" data-element_type=\"section\" data-e-type=\"section\" data-settings=\"{&quot;background_background&quot;:&quot;classic&quot;}\">\n\t\t\t\t\t\t<div class=\"elementor-container elementor-column-gap-default\">\n\t\t\t\t\t<div class=\"elementor-column elementor-col-100 elementor-top-column elementor-element elementor-element-76812d9\" data-id=\"76812d9\" data-element_type=\"column\" data-e-type=\"column\">\n\t\t\t<div class=\"elementor-widget-wrap elementor-element-populated\">\n\t\t\t\t\t\t<div class=\"elementor-element elementor-element-dcb4167 elementor-widget elementor-widget-wpforms\" data-id=\"dcb4167\" data-element_type=\"widget\" data-e-type=\"widget\" data-widget_type=\"wpforms.default\">\n\t\t\t\t<div class=\"elementor-widget-container\">\n\t\t\t\t\t<style id=\"wpforms-css-vars-elementor-widget-dcb4167\">\n\t\t\t\t.elementor-widget-wpforms.elementor-element-dcb4167 {\n\t\t\t\t--wpforms-field-background-color: #FFFFFF;\n--wpforms-field-text-color: #000000;\n--wpforms-label-color: #FFFFFFD9;\n--wpforms-button-background-color: #FF0000;\n--wpforms-button-text-color: #000000;\n--wpforms-button-border-style: solid;\n--wpforms-button-border-size: 4px;\n--wpforms-button-border-color: #FF0000;\n\t\t\t}\n\t\t\t<\/style><div class=\"wpforms-container wpforms-container-full wpforms-render-modern\" id=\"wpforms-150\"><form id=\"wpforms-form-150\" class=\"wpforms-validate wpforms-form wpforms-ajax-form\" data-formid=\"150\" method=\"post\" enctype=\"multipart\/form-data\" action=\"\/index.php?rest_route=%2Fwp%2Fv2%2Fpages%2F173\" data-token=\"c4b28d18eed4b757a57bfecf65d5f583\" data-token-time=\"1776510754\"><noscript class=\"wpforms-error-noscript\">Aby wype\u0142ni\u0107 ten formularz, w\u0142\u0105cz obs\u0142ug\u0119 JavaScript w przegl\u0105darce.<\/noscript><div id=\"wpforms-error-noscript\" style=\"display: none;\">Aby wype\u0142ni\u0107 ten formularz, w\u0142\u0105cz obs\u0142ug\u0119 JavaScript w przegl\u0105darce.<\/div><div class=\"wpforms-field-container\"><div id=\"wpforms-150-field_8-container\" class=\"wpforms-field wpforms-field-text\" data-field-id=\"8\"><label class=\"wpforms-field-label\" for=\"wpforms-150-field_8\">Nazwa firmy (opcjonalnie)<\/label><input type=\"text\" id=\"wpforms-150-field_8\" class=\"wpforms-field-medium\" name=\"wpforms[fields][8]\" aria-errormessage=\"wpforms-150-field_8-error\" ><\/div><div id=\"wpforms-150-field_1-container\" class=\"wpforms-field wpforms-field-name\" data-field-id=\"1\"><label class=\"wpforms-field-label\" for=\"wpforms-150-field_1\"> Imi\u0119 i Nazwisko <span class=\"wpforms-required-label\" aria-hidden=\"true\">*<\/span><\/label><input type=\"text\" id=\"wpforms-150-field_1\" class=\"wpforms-field-medium wpforms-field-required\" name=\"wpforms[fields][1]\" aria-errormessage=\"wpforms-150-field_1-error\" required><\/div><div id=\"wpforms-150-field_2-container\" class=\"wpforms-field wpforms-field-email\" data-field-id=\"2\"><label class=\"wpforms-field-label\" for=\"wpforms-150-field_2\">Adres e-mail <span class=\"wpforms-required-label\" aria-hidden=\"true\">*<\/span><\/label><input type=\"email\" id=\"wpforms-150-field_2\" class=\"wpforms-field-medium wpforms-field-required\" name=\"wpforms[fields][2]\" spellcheck=\"false\" aria-errormessage=\"wpforms-150-field_2-error\" required><\/div><div id=\"wpforms-150-field_4-container\" class=\"wpforms-field wpforms-field-text\" data-field-id=\"4\"><label class=\"wpforms-field-label\" for=\"wpforms-150-field_4\">Data i miejsce wydarzenia <span class=\"wpforms-required-label\" aria-hidden=\"true\">*<\/span><\/label><input type=\"text\" id=\"wpforms-150-field_4\" class=\"wpforms-field-medium wpforms-field-required\" name=\"wpforms[fields][4]\" aria-errormessage=\"wpforms-150-field_4-error\" required><\/div><div id=\"wpforms-150-field_10-container\" class=\"wpforms-field wpforms-field-checkbox\" data-field-id=\"10\"><fieldset><legend class=\"wpforms-field-label\">Wybierz potrzebne us\u0142ugi<\/legend><ul id=\"wpforms-150-field_10\" data-choice-limit=\"3\"><li class=\"choice-1 depth-1\"><input type=\"checkbox\" id=\"wpforms-150-field_10_1\" data-rule-check-limit=\"true\" name=\"wpforms[fields][10][]\" value=\"Sceny\" aria-errormessage=\"wpforms-150-field_10_1-error\"  ><label class=\"wpforms-field-label-inline\" for=\"wpforms-150-field_10_1\">Sceny<\/label><\/li><li class=\"choice-2 depth-1\"><input type=\"checkbox\" id=\"wpforms-150-field_10_2\" data-rule-check-limit=\"true\" name=\"wpforms[fields][10][]\" value=\"O\u015bwietlenie\" aria-errormessage=\"wpforms-150-field_10_2-error\"  ><label class=\"wpforms-field-label-inline\" for=\"wpforms-150-field_10_2\">O\u015bwietlenie<\/label><\/li><li class=\"choice-3 depth-1\"><input type=\"checkbox\" id=\"wpforms-150-field_10_3\" data-rule-check-limit=\"true\" name=\"wpforms[fields][10][]\" value=\"Nag\u0142o\u015bnienie\" aria-errormessage=\"wpforms-150-field_10_3-error\"  ><label class=\"wpforms-field-label-inline\" for=\"wpforms-150-field_10_3\">Nag\u0142o\u015bnienie<\/label><\/li><\/ul><\/fieldset><\/div>\t\t<div id=\"wpforms-150-field_3-container\"\n\t\t\tclass=\"wpforms-field wpforms-field-text\"\n\t\t\tdata-field-type=\"text\"\n\t\t\tdata-field-id=\"3\"\n\t\t\t>\n\t\t\t<label class=\"wpforms-field-label\" for=\"wpforms-150-field_3\" >(opcjonalnie) miejsce us\u0142ugi<\/label>\n\t\t\t<input type=\"text\" id=\"wpforms-150-field_3\" class=\"wpforms-field-medium\" name=\"wpforms[fields][3]\" >\n\t\t<\/div>\n\t\t<div id=\"wpforms-150-field_6-container\" class=\"wpforms-field wpforms-field-textarea\" data-field-id=\"6\"><label class=\"wpforms-field-label\" for=\"wpforms-150-field_6\">Dodatkowe szczeg\u00f3\u0142y wydarzenia (opcjonalnie)<\/label><textarea id=\"wpforms-150-field_6\" class=\"wpforms-field-medium\" name=\"wpforms[fields][6]\" aria-errormessage=\"wpforms-150-field_6-error\" ><\/textarea><\/div><div id=\"wpforms-150-field_11-container\" class=\"wpforms-field wpforms-field-captcha\" data-field-id=\"11\"><label class=\"wpforms-field-label\" for=\"wpforms-150-field_11\">W\u0142asny test Captcha <span class=\"wpforms-required-label\" aria-hidden=\"true\">*<\/span><\/label>\t\t\t<div class=\"wpforms-captcha-math\">\n\t\t\t\t<span id=\"wpforms-150-field_11-question\" class=\"wpforms-captcha-equation\">\n\t\t\t\t\t<span class=\"n1\">10<\/span>\n\t\t\t\t\t\t\t<span class=\"cal\">*<\/span>\n\t\t\t\t\t\t\t<span class=\"n2\">12<\/span>\t\t\t\t\t<span class=\"e\">=<\/span>\n\t\t\t\t<\/span>\n\t\t\t\t<input type=\"text\" id=\"wpforms-150-field_11\" class=\"wpforms-field-medium wpforms-field-required a\" data-rule-wpf-captcha=\"math\" data-is-wrapped-field=\"1\" name=\"wpforms[fields][11][a]\" aria-errormessage=\"wpforms-150-field_11-error\" aria-describedby=\"wpforms-150-field_11-question\" required>\t\t\t\t<input type=\"hidden\" name=\"wpforms[fields][11][cal]\" class=\"cal\">\n\t\t\t\t<input type=\"hidden\" name=\"wpforms[fields][11][n2]\" class=\"n2\">\n\t\t\t\t<input type=\"hidden\" name=\"wpforms[fields][11][n1]\" class=\"n1\">\n\t\t\t<\/div>\n\t\t\t<\/div><script>\n\t\t\t\t( function() {\n\t\t\t\t\tconst style = document.createElement( 'style' );\n\t\t\t\t\tstyle.appendChild( document.createTextNode( '#wpforms-150-field_3-container { position: absolute !important; overflow: hidden !important; display: inline !important; height: 1px !important; width: 1px !important; z-index: -1000 !important; padding: 0 !important; } #wpforms-150-field_3-container input { visibility: hidden; } #wpforms-conversational-form-page #wpforms-150-field_3-container label { counter-increment: none; }' ) );\n\t\t\t\t\tdocument.head.appendChild( style );\n\t\t\t\t\tdocument.currentScript?.remove();\n\t\t\t\t} )();\n\t\t\t<\/script><\/div><!-- .wpforms-field-container --><div class=\"wpforms-submit-container\" ><input type=\"hidden\" name=\"wpforms[id]\" value=\"150\"><input type=\"hidden\" name=\"page_title\" value=\"\"><input type=\"hidden\" name=\"page_url\" value=\"https:\/\/ajdo.kacperteszner.pl\/index.php?rest_route=\/wp\/v2\/pages\/173\"><input type=\"hidden\" name=\"url_referer\" value=\"\"><button type=\"submit\" name=\"wpforms[submit]\" id=\"wpforms-submit-150\" class=\"wpforms-submit\" data-alt-text=\"Wysy\u0142anie...\" data-submit-text=\"WY\u015aLIJ ZAPYTANIE\" aria-live=\"assertive\" value=\"wpforms-submit\">WY\u015aLIJ ZAPYTANIE<\/button><img decoding=\"async\" src=\"https:\/\/ajdo.kacperteszner.pl\/wp-content\/plugins\/wpforms\/assets\/images\/submit-spin.svg\" class=\"wpforms-submit-spinner\" style=\"display: none;\" width=\"26\" height=\"26\" alt=\"Wczytywanie\"><\/div><\/form><\/div>  <!-- .wpforms-container -->\t\t\t\t<\/div>\n\t\t\t\t<\/div>\n\t\t\t\t\t<\/div>\n\t\t<\/div>\n\t\t\t\t\t<\/div>\n\t\t<\/section>\n\t\t\t\t<\/div>\n\t\t","protected":false},"excerpt":{"rendered":"<p>GALERIA EVENT\u00d3W Zobacz, jak tworzymy profesjonaln\u0105 opraw\u0119 techniczn\u0105 wydarze\u0144 od ponad 20 lat Aby wype\u0142ni\u0107 ten formularz, w\u0142\u0105cz obs\u0142ug\u0119 JavaScript [&hellip;]<\/p>\n","protected":false},"author":1,"featured_media":0,"parent":0,"menu_order":0,"comment_status":"closed","ping_status":"closed","template":"","meta":{"site-sidebar-layout":"no-sidebar","site-content-layout":"","ast-site-content-layout":"full-width-container","site-content-style":"default","site-sidebar-style":"default","ast-global-header-display":"","ast-banner-title-visibility":"","ast-main-header-display":"","ast-hfb-above-header-display":"","ast-hfb-below-header-display":"","ast-hfb-mobile-header-display":"","site-post-title":"disabled","ast-breadcrumbs-content":"","ast-featured-img":"disabled","footer-sml-layout":"","ast-disable-related-posts":"","theme-transparent-header-meta":"","adv-header-id-meta":"","stick-header-meta":"","header-above-stick-meta":"","header-main-stick-meta":"","header-below-stick-meta":"","astra-migrate-meta-layouts":"default","ast-page-background-enabled":"default","ast-page-background-meta":{"desktop":{"background-color":"var(--ast-global-color-5)","background-image":"","background-repeat":"repeat","background-position":"center center","background-size":"auto","background-attachment":"scroll","background-type":"","background-media":"","overlay-type":"","overlay-color":"","overlay-opacity":"","overlay-gradient":""},"tablet":{"background-color":"","background-image":"","background-repeat":"repeat","background-position":"center center","background-size":"auto","background-attachment":"scroll","background-type":"","background-media":"","overlay-type":"","overlay-color":"","overlay-opacity":"","overlay-gradient":""},"mobile":{"background-color":"","background-image":"","background-repeat":"repeat","background-position":"center center","background-size":"auto","background-attachment":"scroll","background-type":"","background-media":"","overlay-type":"","overlay-color":"","overlay-opacity":"","overlay-gradient":""}},"ast-content-background-meta":{"desktop":{"background-color":"var(--ast-global-color-4)","background-image":"","background-repeat":"repeat","background-position":"center center","background-size":"auto","background-attachment":"scroll","background-type":"","background-media":"","overlay-type":"","overlay-color":"","overlay-opacity":"","overlay-gradient":""},"tablet":{"background-color":"var(--ast-global-color-4)","background-image":"","background-repeat":"repeat","background-position":"center center","background-size":"auto","background-attachment":"scroll","background-type":"","background-media":"","overlay-type":"","overlay-color":"","overlay-opacity":"","overlay-gradient":""},"mobile":{"background-color":"var(--ast-global-color-4)","background-image":"","background-repeat":"repeat","background-position":"center center","background-size":"auto","background-attachment":"scroll","background-type":"","background-media":"","overlay-type":"","overlay-color":"","overlay-opacity":"","overlay-gradient":""}},"footnotes":""},"class_list":["post-173","page","type-page","status-publish","hentry"],"_links":{"self":[{"href":"https:\/\/ajdo.kacperteszner.pl\/index.php?rest_route=\/wp\/v2\/pages\/173","targetHints":{"allow":["GET"]}}],"collection":[{"href":"https:\/\/ajdo.kacperteszner.pl\/index.php?rest_route=\/wp\/v2\/pages"}],"about":[{"href":"https:\/\/ajdo.kacperteszner.pl\/index.php?rest_route=\/wp\/v2\/types\/page"}],"author":[{"embeddable":true,"href":"https:\/\/ajdo.kacperteszner.pl\/index.php?rest_route=\/wp\/v2\/users\/1"}],"replies":[{"embeddable":true,"href":"https:\/\/ajdo.kacperteszner.pl\/index.php?rest_route=%2Fwp%2Fv2%2Fcomments&post=173"}],"version-history":[{"count":8,"href":"https:\/\/ajdo.kacperteszner.pl\/index.php?rest_route=\/wp\/v2\/pages\/173\/revisions"}],"predecessor-version":[{"id":184,"href":"https:\/\/ajdo.kacperteszner.pl\/index.php?rest_route=\/wp\/v2\/pages\/173\/revisions\/184"}],"wp:attachment":[{"href":"https:\/\/ajdo.kacperteszner.pl\/index.php?rest_route=%2Fwp%2Fv2%2Fmedia&parent=173"}],"curies":[{"name":"wp","href":"https:\/\/api.w.org\/{rel}","templated":true}]}}